{"id":129,"date":"2023-01-17T02:02:30","date_gmt":"2023-01-17T02:02:30","guid":{"rendered":"https:\/\/dicastutorial.com\/?page_id=129"},"modified":"2023-06-03T19:22:33","modified_gmt":"2023-06-03T19:22:33","slug":"kayttoehdot","status":"publish","type":"page","link":"https:\/\/dicastutorial.com\/fi\/termos-de-uso\/","title":{"rendered":"K\u00e4ytt\u00f6ehdot"},"content":{"rendered":"<h3 class=\"wp-block-heading\" id=\"1-termos\">1. Ehdot<\/h3>\n\n\n\n<p>Sivustoa k\u00e4ytett\u00e4ess\u00e4 <a href=\"https:\/\/dicastutorial.com\/fi\/\">Tutoriaalivinkkej\u00e4<\/a>, suostut noudattamaan n\u00e4it\u00e4 palveluehtoja, kaikkia sovellettavia lakeja ja m\u00e4\u00e4r\u00e4yksi\u00e4 ja hyv\u00e4ksyt, ett\u00e4 olet vastuussa kaikkien sovellettavien paikallisten lakien noudattamisesta. Jos et hyv\u00e4ksy mit\u00e4\u00e4n n\u00e4ist\u00e4 ehdoista, et saa k\u00e4ytt\u00e4\u00e4 tai k\u00e4ytt\u00e4\u00e4 t\u00e4t\u00e4 verkkosivustoa. T\u00e4m\u00e4n sivuston materiaalit ovat sovellettavien tekij\u00e4noikeus- ja tavaramerkkilakien suojaamia.<\/p>\n\n\n\n<h3 class=\"wp-block-heading\" id=\"2-uso-de-licenca\">2. Lisenssin k\u00e4ytt\u00f6<\/h3>\n\n\n\n<p>Lupa my\u00f6nnet\u00e4\u00e4n tilap\u00e4isesti ladata yksi kopio materiaalista (tiedoista tai ohjelmistoista) Tips Tutorial -sivustolta vain henkil\u00f6kohtaiseen, ei-kaupalliseen tilap\u00e4iseen katseluun. T\u00e4m\u00e4 on lisenssin my\u00f6nt\u00e4minen, ei omistusoikeuden siirto, ja t\u00e4m\u00e4n lisenssin nojalla et saa:&nbsp;<\/p>\n\n\n\n<ol class=\"wp-block-list\">\n<li>muokata tai kopioida materiaaleja;&nbsp;<\/li>\n\n\n\n<li>k\u00e4ytt\u00e4\u00e4 materiaaleja mihin tahansa kaupalliseen tarkoitukseen tai julkiseen esittelyyn (kaupalliseen tai ei-kaupalliseen);&nbsp;<\/li>\n\n\n\n<li>yritt\u00e4\u00e4 purkaa tai k\u00e4\u00e4nnell\u00e4 mit\u00e4\u00e4n Ohjelmisto-sivuston sis\u00e4lt\u00e4mi\u00e4 ohjelmistoja;&nbsp;<\/li>\n\n\n\n<li>poistaa materiaalista kaikki tekij\u00e4noikeus- tai muut omistusoikeudelliset merkinn\u00e4t; tai&nbsp;<\/li>\n\n\n\n<li>siirt\u00e4\u00e4 materiaalit toiselle henkil\u00f6lle tai &quot;peilata&quot; materiaalia mill\u00e4 tahansa toisella palvelimella.<\/li>\n<\/ol>\n\n\n\n<p>T\u00e4m\u00e4 k\u00e4ytt\u00f6oikeus p\u00e4\u00e4ttyy automaattisesti, jos rikot jotakin n\u00e4ist\u00e4 rajoituksista, ja se voidaan irtisanoa Tips Tutorial -ohjelmalla milloin tahansa. Kun lopetat n\u00e4iden materiaalien katselun tai t\u00e4m\u00e4n lisenssin irtisanomisen, sinun on poistettava kaikki hallussasi oleva ladattu materiaali, joko s\u00e4hk\u00f6isess\u00e4 tai painetussa muodossa.<\/p>\n\n\n\n<h3 class=\"wp-block-heading\" id=\"3-isencao-de-responsabilidade\">3. Vastuuvapauslauseke<\/h3>\n\n\n\n<ol class=\"wp-block-list\">\n<li>Tips Tutorial -sivuston materiaalit tarjotaan &quot;sellaisenaan&quot;. Vinkkej\u00e4 Tutorial ei my\u00f6nn\u00e4 takuita, nimenomaisia tai oletettuja, ja t\u00e4ten irtisanoutuu kaikista muista takuista, mukaan lukien rajoituksetta oletetut takuut tai ehdot kaupallisuudesta, sopivuudesta tiettyyn tarkoitukseen tai immateriaalioikeuksien loukkaamattomuuteen tai muuhun oikeuksien loukkaamiseen. .<\/li>\n\n\n\n<li>Lis\u00e4ksi Tips Tutorial ei takaa tai esit\u00e4 mink\u00e4\u00e4nlaisia \u200b\u200bv\u00e4itteit\u00e4 verkkosivustollaan tai muuten n\u00e4ihin materiaaleihin tai t\u00e4h\u00e4n verkkosivustoon linkitetyist\u00e4 verkkosivustoista liittyvien materiaalien k\u00e4yt\u00f6n tarkkuudesta, todenn\u00e4k\u00f6isist\u00e4 tuloksista tai luotettavuudesta.<\/li>\n<\/ol>\n\n\n\n<h3 class=\"wp-block-heading\" id=\"4-limitacoes\">4. Rajoitukset<\/h3>\n\n\n\n<p>Miss\u00e4\u00e4n tapauksessa Tips Tutorial tai sen toimittajat eiv\u00e4t ole vastuussa mist\u00e4\u00e4n vahingoista (mukaan lukien rajoituksetta tietojen tai voiton menetyksest\u00e4 tai liiketoiminnan keskeytymisest\u00e4 johtuvat vahingot), jotka johtuvat Tips Tutorialin materiaalien k\u00e4yt\u00f6st\u00e4 tai kyvytt\u00f6myydest\u00e4 k\u00e4ytt\u00e4\u00e4 niit\u00e4. , vaikka Tips Tutorialille tai Tips Tutorialin valtuutetulle edustajalle olisi ilmoitettu suullisesti tai kirjallisesti t\u00e4llaisten vahinkojen mahdollisuudesta. Koska jotkin laink\u00e4ytt\u00f6alueet eiv\u00e4t salli oletettujen takuiden tai v\u00e4lillisten tai satunnaisten vahinkojen vastuun rajoituksia, n\u00e4m\u00e4 rajoitukset eiv\u00e4t v\u00e4ltt\u00e4m\u00e4tt\u00e4 koske sinua.<\/p>\n\n\n\n<h3 class=\"wp-block-heading\" id=\"5-precisao-dos-materiais\">5. Materiaalien tarkkuus<\/h3>\n\n\n\n<p>Tips Tutorial -sivustolla n\u00e4kyv\u00e4t materiaalit voivat sis\u00e4lt\u00e4\u00e4 teknisi\u00e4, typografisia tai valokuvavirheit\u00e4. Tips Tutorial ei takaa, ett\u00e4 mik\u00e4\u00e4n sen verkkosivustolla olevista materiaaleista on tarkkaa, t\u00e4ydellist\u00e4 tai ajantasaista. Vinkkej\u00e4 Tutorial voi tehd\u00e4 muutoksia verkkosivuillaan olevaan materiaaliin milloin tahansa ilman erillist\u00e4 ilmoitusta. Tutorial Tips ei kuitenkaan sitoudu materiaalien p\u00e4ivitt\u00e4miseen.<\/p>\n\n\n\n<h3 class=\"wp-block-heading\" id=\"6-links\">6. Linkit<\/h3>\n\n\n\n<p>Tips Tutorial ei ole tarkistanut kaikkia sivustoonsa linkitettyj\u00e4 sivustoja, eik\u00e4 se ole vastuussa mink\u00e4\u00e4n t\u00e4llaisten linkitettyjen sivustojen sis\u00e4ll\u00f6st\u00e4. Mink\u00e4\u00e4n linkin sis\u00e4llytt\u00e4minen ei tarkoita, ett\u00e4 Tips Tutorial tukee sivustoa. Mink\u00e4 tahansa linkitetyn sivuston k\u00e4ytt\u00f6 on k\u00e4ytt\u00e4j\u00e4n omalla vastuulla.<\/p>\n\n\n\n<h3 class=\"wp-block-heading\" id=\"modificacoes\">Muutokset<\/h3>\n\n\n\n<p>Vinkkej\u00e4 Tutorial voi muuttaa n\u00e4it\u00e4 verkkosivustonsa palveluehtoja milloin tahansa ilman ennakkoilmoitusta. K\u00e4ytt\u00e4m\u00e4ll\u00e4 t\u00e4t\u00e4 verkkosivustoa sitoudut noudattamaan n\u00e4iden palveluehtojen nykyist\u00e4 versiota.<\/p>\n\n\n\n<h3 class=\"wp-block-heading\" id=\"lei-aplicavel\">Sovellettava laki<\/h3>\n\n\n\n<p>N\u00e4it\u00e4 ehtoja s\u00e4\u00e4telev\u00e4t ja tulkitaan Tips Tutorialin lakien mukaisesti, ja alistut peruuttamattomasti kyseisen osavaltion tai paikkakunnan tuomioistuinten yksinomaiseen toimivaltaan.<\/p>","protected":false},"excerpt":{"rendered":"<p>1. Termos Ao acessar ao site Dicas Tutorial, concorda em cumprir estes termos de servi\u00e7o, todas as leis e regulamentos aplic\u00e1veis \u200b\u200be concorda que \u00e9 respons\u00e1vel pelo cumprimento de todas as leis locais aplic\u00e1veis. Se voc\u00ea n\u00e3o concordar com algum desses termos, est\u00e1 proibido de usar ou acessar este site. Os materiais contidos neste site [&hellip;]<\/p>\n","protected":false},"author":4,"featured_media":0,"parent":0,"menu_order":0,"comment_status":"closed","ping_status":"closed","template":"","meta":{"footnotes":""},"class_list":["post-129","page","type-page","status-publish"],"_links":{"self":[{"href":"https:\/\/dicastutorial.com\/fi\/wp-json\/wp\/v2\/pages\/129","targetHints":{"allow":["GET"]}}],"collection":[{"href":"https:\/\/dicastutorial.com\/fi\/wp-json\/wp\/v2\/pages"}],"about":[{"href":"https:\/\/dicastutorial.com\/fi\/wp-json\/wp\/v2\/types\/page"}],"author":[{"embeddable":true,"href":"https:\/\/dicastutorial.com\/fi\/wp-json\/wp\/v2\/users\/4"}],"replies":[{"embeddable":true,"href":"https:\/\/dicastutorial.com\/fi\/wp-json\/wp\/v2\/comments?post=129"}],"version-history":[{"count":5,"href":"https:\/\/dicastutorial.com\/fi\/wp-json\/wp\/v2\/pages\/129\/revisions"}],"predecessor-version":[{"id":822,"href":"https:\/\/dicastutorial.com\/fi\/wp-json\/wp\/v2\/pages\/129\/revisions\/822"}],"wp:attachment":[{"href":"https:\/\/dicastutorial.com\/fi\/wp-json\/wp\/v2\/media?parent=129"}],"curies":[{"name":"wp","href":"https:\/\/api.w.org\/{rel}","templated":true}]}}