{"id":129,"date":"2023-01-17T02:02:30","date_gmt":"2023-01-17T02:02:30","guid":{"rendered":"https:\/\/dicastutorial.com\/?page_id=129"},"modified":"2023-06-03T19:22:33","modified_gmt":"2023-06-03T19:22:33","slug":"uvjeti-koristenja","status":"publish","type":"page","link":"https:\/\/dicastutorial.com\/hr\/termos-de-uso\/","title":{"rendered":"Uvjeti kori\u0161tenja"},"content":{"rendered":"<h3 class=\"wp-block-heading\" id=\"1-termos\">1. Uvjeti<\/h3>\n\n\n\n<p>Prilikom pristupa web stranici <a href=\"https:\/\/dicastutorial.com\/hr\/\">Savjeti za tutorial<\/a>, sla\u017eete se da \u0107ete se pridr\u017eavati ovih uvjeta pru\u017eanja usluge, svih primjenjivih zakona i propisa i sla\u017eete se da ste odgovorni za po\u0161tivanje svih primjenjivih lokalnih zakona. Ako se ne sla\u017eete s bilo kojim od ovih uvjeta, zabranjeno vam je kori\u0161tenje ili pristup ovoj web stranici. Materijali sadr\u017eani na ovoj stranici za\u0161ti\u0107eni su va\u017ee\u0107im zakonima o autorskim pravima i za\u0161titnim znakovima.<\/p>\n\n\n\n<h3 class=\"wp-block-heading\" id=\"2-uso-de-licenca\">2. Kori\u0161tenje licence<\/h3>\n\n\n\n<p>Dopu\u0161teno je privremeno preuzimanje jedne kopije materijala (informacija ili softvera) na web stranici Tips Tutorial samo za osobno, nekomercijalno prolazno gledanje. Ovo je dodjela licence, a ne prijenos vlasni\u0161tva, i prema ovoj licenci ne smijete:&nbsp;<\/p>\n\n\n\n<ol class=\"wp-block-list\">\n<li>mijenjati ili kopirati materijale;&nbsp;<\/li>\n\n\n\n<li>koristiti materijale u bilo koju komercijalnu svrhu ili za javno prikazivanje (komercijalno ili nekomercijalno);&nbsp;<\/li>\n\n\n\n<li>poku\u0161ati dekompilirati ili obrnuti in\u017eenjering bilo kojeg softvera sadr\u017eanog na web stranici Tips Tutorial;&nbsp;<\/li>\n\n\n\n<li>ukloniti sva autorska prava ili druge vlasni\u010dke oznake iz materijala; ili&nbsp;<\/li>\n\n\n\n<li>prenijeti materijale drugoj osobi ili &#039;zrcaliti&#039; materijale na bilo kojem drugom poslu\u017eitelju.<\/li>\n<\/ol>\n\n\n\n<p>Ova licenca \u0107e automatski biti prekinuta ako prekr\u0161ite bilo koje od ovih ograni\u010denja i mo\u017ee biti prekinuta od strane Tips Tutorial u bilo kojem trenutku. Nakon prestanka pregledavanja ovih materijala ili nakon raskida ove licence, morate izbrisati sve preuzete materijale u svom posjedu, bilo u elektroni\u010dkom ili tiskanom obliku.<\/p>\n\n\n\n<h3 class=\"wp-block-heading\" id=\"3-isencao-de-responsabilidade\">3. Odricanje od odgovornosti<\/h3>\n\n\n\n<ol class=\"wp-block-list\">\n<li>Materijali na web stranici Tips Tutorial dostupni su &quot;kakvi jesu&quot;. Tips Tutorial ne daje nikakva jamstva, izri\u010dita ili pre\u0161utna, te se ovime odri\u010de i odri\u010de svih drugih jamstava, uklju\u010duju\u0107i, bez ograni\u010denja, implicitna jamstva ili uvjete utr\u017eivosti, prikladnosti za odre\u0111enu svrhu ili nepovrede intelektualnog vlasni\u0161tva ili druge povrede prava. .<\/li>\n\n\n\n<li>Osim toga, Tips Tutorial ne jam\u010di niti daje bilo kakve izjave o to\u010dnosti, vjerojatnim rezultatima ili pouzdanosti upotrebe materijala na svojoj web stranici ili na drugi na\u010din povezanih s tim materijalima ili na web stranicama povezanim s ovom web stranicom.<\/li>\n<\/ol>\n\n\n\n<h3 class=\"wp-block-heading\" id=\"4-limitacoes\">4. Ograni\u010denja<\/h3>\n\n\n\n<p>Ni u kojem slu\u010daju Tips Tutorial ili njegovi dobavlja\u010di ne\u0107e biti odgovorni za bilo kakvu \u0161tetu (uklju\u010duju\u0107i, bez ograni\u010denja, \u0161tetu zbog gubitka podataka ili dobiti ili zbog prekida poslovanja) proiza\u0161lu iz upotrebe ili nemogu\u0107nosti kori\u0161tenja materijala na Tips Tutorial , \u010dak i ako je Tips Tutorial ili ovla\u0161teni predstavnik Tips Tutorial usmeno ili pismeno obavije\u0161ten o mogu\u0107nosti takve \u0161tete. Budu\u0107i da neke jurisdikcije ne dopu\u0161taju ograni\u010denja implicitnih jamstava ili ograni\u010denja odgovornosti za posljedi\u010dne ili slu\u010dajne \u0161tete, ta se ograni\u010denja mo\u017eda ne odnose na vas.<\/p>\n\n\n\n<h3 class=\"wp-block-heading\" id=\"5-precisao-dos-materiais\">5. To\u010dnost materijala<\/h3>\n\n\n\n<p>Materijali koji se pojavljuju na web stranici Tips Tutorial mogu sadr\u017eavati tehni\u010dke, tipografske ili fotografske pogre\u0161ke. Tips Tutorial ne jam\u010di da je bilo koji materijal na web stranici to\u010dan, potpun ili aktualan. Tutorial Tips mo\u017ee mijenjati materijale sadr\u017eane na svojoj web stranici u bilo koje vrijeme bez prethodne obavijesti. Me\u0111utim, Tutorial Tips se ne obvezuje a\u017eurirati materijale.<\/p>\n\n\n\n<h3 class=\"wp-block-heading\" id=\"6-links\">6. Poveznice<\/h3>\n\n\n\n<p>Savjeti Ud\u017ebenik nije pregledao sva mjesta povezana s njegovim mjestom i nije odgovoran za sadr\u017eaj bilo kojeg takvog povezanog mjesta. Uklju\u010divanje bilo koje poveznice ne podrazumijeva odobravanje stranice Tips Tutorial. Kori\u0161tenje bilo koje povezane stranice je na vlastitu odgovornost korisnika.<\/p>\n\n\n\n<h3 class=\"wp-block-heading\" id=\"modificacoes\">Izmjene<\/h3>\n\n\n\n<p>Tips Tutorial mo\u017ee revidirati ove uvjete pru\u017eanja usluge za svoje web mjesto u bilo kojem trenutku bez prethodne obavijesti. Kori\u0161tenjem ove web stranice suglasni ste s trenutnom verzijom ovih uvjeta pru\u017eanja usluge.<\/p>\n\n\n\n<h3 class=\"wp-block-heading\" id=\"lei-aplicavel\">Mjerodavno pravo<\/h3>\n\n\n\n<p>Ovi uvjeti i odredbe regulirani su i tuma\u010de se u skladu sa zakonima Tips Tutoriala i vi se neopozivo privr\u017eete isklju\u010divoj nadle\u017enosti sudova u toj dr\u017eavi ili mjestu.<\/p>","protected":false},"excerpt":{"rendered":"<p>1. Termos Ao acessar ao site Dicas Tutorial, concorda em cumprir estes termos de servi\u00e7o, todas as leis e regulamentos aplic\u00e1veis \u200b\u200be concorda que \u00e9 respons\u00e1vel pelo cumprimento de todas as leis locais aplic\u00e1veis. Se voc\u00ea n\u00e3o concordar com algum desses termos, est\u00e1 proibido de usar ou acessar este site. Os materiais contidos neste site [&hellip;]<\/p>\n","protected":false},"author":4,"featured_media":0,"parent":0,"menu_order":0,"comment_status":"closed","ping_status":"closed","template":"","meta":{"footnotes":""},"class_list":["post-129","page","type-page","status-publish"],"_links":{"self":[{"href":"https:\/\/dicastutorial.com\/hr\/wp-json\/wp\/v2\/pages\/129","targetHints":{"allow":["GET"]}}],"collection":[{"href":"https:\/\/dicastutorial.com\/hr\/wp-json\/wp\/v2\/pages"}],"about":[{"href":"https:\/\/dicastutorial.com\/hr\/wp-json\/wp\/v2\/types\/page"}],"author":[{"embeddable":true,"href":"https:\/\/dicastutorial.com\/hr\/wp-json\/wp\/v2\/users\/4"}],"replies":[{"embeddable":true,"href":"https:\/\/dicastutorial.com\/hr\/wp-json\/wp\/v2\/comments?post=129"}],"version-history":[{"count":5,"href":"https:\/\/dicastutorial.com\/hr\/wp-json\/wp\/v2\/pages\/129\/revisions"}],"predecessor-version":[{"id":822,"href":"https:\/\/dicastutorial.com\/hr\/wp-json\/wp\/v2\/pages\/129\/revisions\/822"}],"wp:attachment":[{"href":"https:\/\/dicastutorial.com\/hr\/wp-json\/wp\/v2\/media?parent=129"}],"curies":[{"name":"radni list","href":"https:\/\/api.w.org\/{rel}","templated":true}]}}