{"id":129,"date":"2023-01-17T02:02:30","date_gmt":"2023-01-17T02:02:30","guid":{"rendered":"https:\/\/dicastutorial.com\/?page_id=129"},"modified":"2023-06-03T19:22:33","modified_gmt":"2023-06-03T19:22:33","slug":"pogoji-uporabe","status":"publish","type":"page","link":"https:\/\/dicastutorial.com\/sl\/termos-de-uso\/","title":{"rendered":"Pogoji uporabe"},"content":{"rendered":"<h3 class=\"wp-block-heading\" id=\"1-termos\">1. Pogoji<\/h3>\n\n\n\n<p>Pri dostopu do spletne strani <a href=\"https:\/\/dicastutorial.com\/sl\/\">Nasveti za vadnico<\/a>, se strinjate, da boste upo\u0161tevali te pogoje storitve, vse veljavne zakone in predpise ter se strinjate, da ste odgovorni za skladnost z vsemi veljavnimi lokalnimi zakoni. \u010ce se ne strinjate s katerim od teh pogojev, vam je prepovedana uporaba ali dostop do te spletne strani. Gradivo na tem spletnem mestu je za\u0161\u010diteno z veljavno zakonodajo o avtorskih pravicah in blagovnih znamkah.<\/p>\n\n\n\n<h3 class=\"wp-block-heading\" id=\"2-uso-de-licenca\">2. Uporaba licence<\/h3>\n\n\n\n<p>Dovoljeno je za\u010dasno prenesti eno kopijo gradiva (informacij ali programske opreme) na spletno mesto Tips Tutorial samo za osebno, nekomercialno prehodno ogledovanje. To je podelitev licence, ne prenos lastninske pravice, in v skladu s to licenco ne smete:&nbsp;<\/p>\n\n\n\n<ol class=\"wp-block-list\">\n<li>spreminjati ali kopirati materiale;&nbsp;<\/li>\n\n\n\n<li>uporabljati materiale za kakr\u0161ne koli komercialne namene ali za javno prikazovanje (komercialno ali nekomercialno);&nbsp;<\/li>\n\n\n\n<li>posku\u0161ati dekompilirati ali izvajati obratni in\u017eeniring katere koli programske opreme, ki je na spletnem mestu Tips Tutorial;&nbsp;<\/li>\n\n\n\n<li>odstraniti morebitne avtorske ali druge lastni\u0161ke oznake iz materialov; oz&nbsp;<\/li>\n\n\n\n<li>prenesti materiale na drugo osebo ali &#039;zrcaliti&#039; materiale na katerem koli drugem stre\u017eniku.<\/li>\n<\/ol>\n\n\n\n<p>Ta licenca bo samodejno prenehala veljati, \u010de prekr\u0161ite katero koli od teh omejitev in jo lahko Tips Tutorial kadar koli prekine. Po prenehanju ogledovanja teh gradiv ali po prekinitvi te licence morate izbrisati vsa prenesena gradiva, ki jih imate, bodisi v elektronski ali tiskani obliki.<\/p>\n\n\n\n<h3 class=\"wp-block-heading\" id=\"3-isencao-de-responsabilidade\">3. Zavrnitev odgovornosti<\/h3>\n\n\n\n<ol class=\"wp-block-list\">\n<li>Gradiva na spletnem mestu Tips Tutorial so na voljo &quot;tak\u0161na, kot so&quot;. Nasveti Vadnica ne daje nobenih jamstev, izrecnih ali implicitnih, in s tem zavra\u010da in zavra\u010da vsa druga jamstva, vklju\u010dno, brez omejitev, implicitnih jamstev ali pogojev tr\u017enosti, primernosti za dolo\u010den namen ali nekr\u0161itve intelektualne lastnine ali druge kr\u0161itve pravic. .<\/li>\n\n\n\n<li>Poleg tega Tips Tutorial ne jam\u010di ali daje nobenih izjav v zvezi s to\u010dnostjo, verjetnimi rezultati ali zanesljivostjo uporabe materialov na svojem spletnem mestu ali kako druga\u010de povezanih s temi materiali ali na spletnih mestih, povezanih s tem spletnim mestom.<\/li>\n<\/ol>\n\n\n\n<h3 class=\"wp-block-heading\" id=\"4-limitacoes\">4. Omejitve<\/h3>\n\n\n\n<p>V nobenem primeru Tips Tutorial ali njegovi dobavitelji niso odgovorni za kakr\u0161no koli \u0161kodo (vklju\u010dno z, brez omejitev, \u0161kodo zaradi izgube podatkov ali dobi\u010dka ali zaradi prekinitve poslovanja), ki bi nastala zaradi uporabe ali nezmo\u017enosti uporabe materialov v Tips Tutorial , tudi \u010de je bil Tips Tutorial ali poobla\u0161\u010deni predstavnik Tips Tutorial ustno ali pisno obve\u0161\u010den o mo\u017enosti tovrstne \u0161kode. Ker nekatere jurisdikcije ne dovoljujejo omejitev implicitnih jamstev ali omejitev odgovornosti za posledi\u010dno ali naklju\u010dno \u0161kodo, te omejitve morda ne veljajo za vas.<\/p>\n\n\n\n<h3 class=\"wp-block-heading\" id=\"5-precisao-dos-materiais\">5. Natan\u010dnost materialov<\/h3>\n\n\n\n<p>Gradivo, ki se pojavlja na spletnem mestu Tips Tutorial, lahko vklju\u010duje tehni\u010dne, tipkarske ali fotografske napake. Tips Tutorial ne jam\u010di, da je katero koli gradivo na spletnem mestu to\u010dno, popolno ali aktualno. Tips Tutorial lahko kadar koli brez predhodnega obvestila spremeni gradivo na svojem spletnem mestu. Vendar pa se Tutorial Tips ne zavezuje k posodabljanju materialov.<\/p>\n\n\n\n<h3 class=\"wp-block-heading\" id=\"6-links\">6. Povezave<\/h3>\n\n\n\n<p>Namigi Tutorial ni pregledal vseh spletnih mest, povezanih z njegovim spletnim mestom, in ni odgovoren za vsebino katerega koli takega povezanega spletnega mesta. Vklju\u010ditev katere koli povezave ne pomeni odobritve spletnega mesta s strani Tips Tutorial. Uporaba katere koli povezane strani je na lastno odgovornost uporabnika.<\/p>\n\n\n\n<h3 class=\"wp-block-heading\" id=\"modificacoes\">Spremembe<\/h3>\n\n\n\n<p>Tips Tutorial lahko te pogoje storitve za svoje spletno mesto kadar koli spremeni brez predhodnega obvestila. Z uporabo te spletne strani se strinjate, da vas zavezuje trenutna razli\u010dica teh pogojev storitve.<\/p>\n\n\n\n<h3 class=\"wp-block-heading\" id=\"lei-aplicavel\">Veljavno pravo<\/h3>\n\n\n\n<p>Ta dolo\u010dila in pogoji urejajo in razlagajo v skladu z zakoni Tips Tutorial in nepreklicno se podrejate izklju\u010dni pristojnosti sodi\u0161\u010d v tej dr\u017eavi ali kraju.<\/p>","protected":false},"excerpt":{"rendered":"<p>1. Termos Ao acessar ao site Dicas Tutorial, concorda em cumprir estes termos de servi\u00e7o, todas as leis e regulamentos aplic\u00e1veis \u200b\u200be concorda que \u00e9 respons\u00e1vel pelo cumprimento de todas as leis locais aplic\u00e1veis. Se voc\u00ea n\u00e3o concordar com algum desses termos, est\u00e1 proibido de usar ou acessar este site. Os materiais contidos neste site [&hellip;]<\/p>\n","protected":false},"author":4,"featured_media":0,"parent":0,"menu_order":0,"comment_status":"closed","ping_status":"closed","template":"","meta":{"footnotes":""},"class_list":["post-129","page","type-page","status-publish"],"_links":{"self":[{"href":"https:\/\/dicastutorial.com\/sl\/wp-json\/wp\/v2\/pages\/129","targetHints":{"allow":["GET"]}}],"collection":[{"href":"https:\/\/dicastutorial.com\/sl\/wp-json\/wp\/v2\/pages"}],"about":[{"href":"https:\/\/dicastutorial.com\/sl\/wp-json\/wp\/v2\/types\/page"}],"author":[{"embeddable":true,"href":"https:\/\/dicastutorial.com\/sl\/wp-json\/wp\/v2\/users\/4"}],"replies":[{"embeddable":true,"href":"https:\/\/dicastutorial.com\/sl\/wp-json\/wp\/v2\/comments?post=129"}],"version-history":[{"count":5,"href":"https:\/\/dicastutorial.com\/sl\/wp-json\/wp\/v2\/pages\/129\/revisions"}],"predecessor-version":[{"id":822,"href":"https:\/\/dicastutorial.com\/sl\/wp-json\/wp\/v2\/pages\/129\/revisions\/822"}],"wp:attachment":[{"href":"https:\/\/dicastutorial.com\/sl\/wp-json\/wp\/v2\/media?parent=129"}],"curies":[{"name":"wp","href":"https:\/\/api.w.org\/{rel}","templated":true}]}}